{"id":40,"date":"2022-09-14T10:47:53","date_gmt":"2022-09-14T13:47:53","guid":{"rendered":"https:\/\/catedracosgaya.com.ar\/tipoblog\/2022\/?page_id=40"},"modified":"2022-09-14T15:30:16","modified_gmt":"2022-09-14T18:30:16","slug":"sugerencias","status":"publish","type":"page","link":"https:\/\/catedracosgaya.com.ar\/tipoblog\/2022\/sugerencias\/","title":{"rendered":"Sugerencias"},"content":{"rendered":"\n<ul class=\"wp-block-list\"><li>Redact\u00e1 un buen t\u00edtulo para el an\u00e1lisis, que llame la atenci\u00f3n y motive a la lectura<\/li><li>Puede ser \u00fatil que elabores una breve introducci\u00f3n con los datos relevados para la ficha t\u00e9cnica antes de presentar el an\u00e1lisis <\/li><li>El an\u00e1lisis de la pieza elegida es el elemento central del post. Suele ser frecuente en este tipo de publicaciones utilizar una l\u00ednea en blanco como separaci\u00f3n entre p\u00e1rrafos, sin sangr\u00eda<\/li><li>Si el an\u00e1lisis es algo extenso, ser\u00e1 \u00fatil la inclusi\u00f3n de subt\u00edtulos que ayuden al lector a hacer un escaneo inicial del post para entender r\u00e1pidamente de qu\u00e9 trata<\/li><li>Pod\u00e9s incluir otros materiales gr\u00e1ficos complementarios a la pieza elegida<\/li><li>Al citar las fuentes, no olvides colocar los enlaces a los sitios de origen<\/li><li>Complet\u00e1 el eje de an\u00e1lisis que eligieron para realizar el trabajo, los datos de tu grupo y los datos de la ficha t\u00e9cnica y tipogr\u00e1fica. Estos datos aparecer\u00e1n a continuaci\u00f3n del texto principal<\/li><li>No olvides indicar la comisi\u00f3n a la que pertenecen <\/li><li>Resum\u00ed el contenido del post en el extracto, destacando algunos puntos importantes.<\/li><li>Deber\u00e1s utilizar como imagen destacada la pieza que elegiste analizar, independientemente de si en el cuerpo central inclu\u00eds fotos, videos o s\u00f3lo texto.<\/li><li>Asign\u00e1 a tu post las etiquetas (palabras clave) que consideres relevantes<\/li><li>Antes de publicar, revis\u00e1 la ortograf\u00eda y la redacci\u00f3n. Us\u00e1 un corrector ortogr\u00e1fico si es necesario<\/li><li>Una vez que hayas publicado, verific\u00e1 que tu post aparezca en la p\u00e1gina de inicio del Tipoblog<\/li><li>Prepar\u00e1 el post con cierta anticipaci\u00f3n, sobretodo si no est\u00e1s familiarizadx con el sistema de publicaci\u00f3n<\/li><li>Consult\u00e1 lo que vayan publicando tus compa\u00f1erxs<\/li><\/ul>\n<div class=\"remoji_bar\"><div class=\"remoji_add_container\" data-remoji-id=\"40\" data-remoji-type=\"post\"><div class=\"remoji_add_icon\"><\/div><\/div><div class=\"remoji_error_bar\" data-remoji-id=\"40\" data-remoji-type=\"post\" style=\"display: none;\">Error happened.<\/div><\/div>","protected":false},"excerpt":{"rendered":"<p>Redact\u00e1 un buen t\u00edtulo para el an\u00e1lisis, que llame la atenci\u00f3n y motive a la lectura Puede ser \u00fatil que elabores una breve introducci\u00f3n con los datos relevados para la ficha t\u00e9cnica antes de presentar el an\u00e1lisis El an\u00e1lisis de la pieza elegida es el elemento central del post. Suele ser frecuente en este tipo [&hellip;]<\/p>\n","protected":false},"author":1,"featured_media":0,"parent":0,"menu_order":0,"comment_status":"closed","ping_status":"closed","template":"","meta":{"_acf_changed":false,"footnotes":""},"class_list":["post-40","page","type-page","status-publish","hentry"],"acf":[],"_links":{"self":[{"href":"https:\/\/catedracosgaya.com.ar\/tipoblog\/2022\/wp-json\/wp\/v2\/pages\/40","targetHints":{"allow":["GET"]}}],"collection":[{"href":"https:\/\/catedracosgaya.com.ar\/tipoblog\/2022\/wp-json\/wp\/v2\/pages"}],"about":[{"href":"https:\/\/catedracosgaya.com.ar\/tipoblog\/2022\/wp-json\/wp\/v2\/types\/page"}],"author":[{"embeddable":true,"href":"https:\/\/catedracosgaya.com.ar\/tipoblog\/2022\/wp-json\/wp\/v2\/users\/1"}],"replies":[{"embeddable":true,"href":"https:\/\/catedracosgaya.com.ar\/tipoblog\/2022\/wp-json\/wp\/v2\/comments?post=40"}],"version-history":[{"count":3,"href":"https:\/\/catedracosgaya.com.ar\/tipoblog\/2022\/wp-json\/wp\/v2\/pages\/40\/revisions"}],"predecessor-version":[{"id":78,"href":"https:\/\/catedracosgaya.com.ar\/tipoblog\/2022\/wp-json\/wp\/v2\/pages\/40\/revisions\/78"}],"wp:attachment":[{"href":"https:\/\/catedracosgaya.com.ar\/tipoblog\/2022\/wp-json\/wp\/v2\/media?parent=40"}],"curies":[{"name":"wp","href":"https:\/\/api.w.org\/{rel}","templated":true}]}}